{"id":16,"date":"2024-09-10T18:11:30","date_gmt":"2024-09-10T18:11:30","guid":{"rendered":"https:\/\/www.abonyhorgasz.hu\/ujoldal\/?page_id=16"},"modified":"2024-09-10T19:44:48","modified_gmt":"2024-09-10T19:44:48","slug":"bemutatkozas","status":"publish","type":"page","link":"https:\/\/www.abonyhorgasz.hu\/ujoldal\/bemutatkozas\/","title":{"rendered":"Bemutatkoz\u00e1s"},"content":{"rendered":"<p>[et_pb_section fb_built=&#8221;1&#8243; fullwidth=&#8221;on&#8221; _builder_version=&#8221;4.22.1&#8243; _module_preset=&#8221;default&#8221; background_color=&#8221;#FFFFFF&#8221; global_colors_info=&#8221;{}&#8221; global_module=&#8221;976&#8243; theme_builder_area=&#8221;post_content&#8221;][et_pb_fullwidth_menu menu_id=&#8221;61&#8243; fullwidth_menu=&#8221;on&#8221; active_link_color=&#8221;#000000&#8243; menu_icon_color=&#8221;#263142&#8243; _builder_version=&#8221;4.22.1&#8243; _module_preset=&#8221;default&#8221; menu_font=&#8221;Darker Grotesque|900|||||||&#8221; menu_font_size=&#8221;18px&#8221; text_orientation=&#8221;right&#8221; module_alignment=&#8221;right&#8221; custom_margin=&#8221;|45px|||false|false&#8221; custom_margin_tablet=&#8221;&#8221; custom_margin_phone=&#8221;|0px|||false|false&#8221; custom_margin_last_edited=&#8221;on|phone&#8221; global_colors_info=&#8221;{}&#8221; theme_builder_area=&#8221;post_content&#8221;][\/et_pb_fullwidth_menu][\/et_pb_section][et_pb_section fb_built=&#8221;1&#8243; admin_label=&#8221;Header&#8221; _builder_version=&#8221;4.22.1&#8243; use_background_color_gradient=&#8221;on&#8221; background_color_gradient_stops=&#8221;rgba(0,19,46,0.6) 0%|rgba(0,19,46,0.6) 100%&#8221; background_color_gradient_overlays_image=&#8221;on&#8221; background_color_gradient_start=&#8221;rgba(0,19,46,0.6)&#8221; background_color_gradient_end=&#8221;rgba(0,19,46,0.6)&#8221; background_image=&#8221;https:\/\/www.abonyhorgasz.hu\/ujoldal\/wp-content\/uploads\/footer-1.jpg&#8221; custom_padding=&#8221;||||false|false&#8221; locked=&#8221;off&#8221; global_colors_info=&#8221;{}&#8221;][et_pb_row _builder_version=&#8221;4.16&#8243; global_colors_info=&#8221;{}&#8221;][et_pb_column type=&#8221;4_4&#8243; _builder_version=&#8221;4.16&#8243; global_colors_info=&#8221;{}&#8221;][et_pb_text _builder_version=&#8221;4.22.1&#8243; header_font=&#8221;Darker Grotesque|900|||||||&#8221; header_font_size=&#8221;100px&#8221; background_layout=&#8221;dark&#8221; custom_margin=&#8221;||||false|false&#8221; header_font_size_tablet=&#8221;70px&#8221; header_font_size_phone=&#8221;40px&#8221; header_font_size_last_edited=&#8221;on|phone&#8221; global_colors_info=&#8221;{}&#8221;]<\/p>\n<h1>Bemutatkoz\u00e1s<\/h1>\n<p>[\/et_pb_text][\/et_pb_column][\/et_pb_row][\/et_pb_section][et_pb_section fb_built=&#8221;1&#8243; admin_label=&#8221;About&#8221; _builder_version=&#8221;4.16&#8243; global_colors_info=&#8221;{}&#8221;][et_pb_row column_structure=&#8221;1_3,2_3&#8243; _builder_version=&#8221;4.16&#8243; global_colors_info=&#8221;{}&#8221;][et_pb_column type=&#8221;1_3&#8243; _builder_version=&#8221;4.16&#8243; global_colors_info=&#8221;{}&#8221;][et_pb_image src=&#8221;https:\/\/www.abonyhorgasz.hu\/ujoldal\/wp-content\/uploads\/horgasz.jpg&#8221; title_text=&#8221;horgasz&#8221; _builder_version=&#8221;4.22.1&#8243; global_colors_info=&#8221;{}&#8221;][\/et_pb_image][\/et_pb_column][et_pb_column type=&#8221;2_3&#8243; _builder_version=&#8221;4.16&#8243; global_colors_info=&#8221;{}&#8221;][et_pb_text _builder_version=&#8221;4.22.1&#8243; text_font=&#8221;Darker Grotesque|600|||||||&#8221; text_font_size=&#8221;18px&#8221; text_line_height=&#8221;1.4em&#8221; global_colors_info=&#8221;{}&#8221;]<\/p>\n<p>Az Abonyi Horg\u00e1sz Egyes\u00fclet &#8211; \/MOHOSZ t\u00f6rzssz\u00e1ma: 502\/ &#8211; 1976. \u00c9vben alakult 57 taggal.<\/p>\n<p>A jelenlegi feln\u0151tt tagl\u00e9tsz\u00e1munk a 2016. \u00e9v v\u00e9g\u00e9re megk\u00f6zel\u00edtette a maxim\u00e1lt 300 f\u0151t. Tagfelv\u00e9teli k\u00e9relmeket term\u00e9szetesen tov\u00e1bbra is befogadunk a meg\u00fcresed\u0151 helyekre, de csak korl\u00e1tozott sz\u00e1mban.<\/p>\n<p>[\/et_pb_text][et_pb_text _builder_version=&#8221;4.22.1&#8243; text_font=&#8221;Darker Grotesque|600|||||||&#8221; text_font_size=&#8221;18px&#8221; text_line_height=&#8221;1.4em&#8221; global_colors_info=&#8221;{}&#8221;]<\/p>\n<p>Az egyes\u00fclet eln\u00f6ke: Barna J\u00f3zsef<br \/>Aleln\u00f6kei: Hamar Attila, Enyedi Ferenc<br \/>Titk\u00e1ra: Antal P\u00e9ter<br \/>T\u00f3gazda: Varga B\u00e1lint\u00a0<br \/>T.B. eln\u00f6ke: Gyigor J\u00f3zsef<\/p>\n<p>[\/et_pb_text][et_pb_text _builder_version=&#8221;4.22.1&#8243; text_font=&#8221;Darker Grotesque|600|||||||&#8221; text_font_size=&#8221;18px&#8221; text_line_height=&#8221;1.4em&#8221; global_colors_info=&#8221;{}&#8221;]<\/p>\n<p>Az Abonyi Horg\u00e1sz Egyes\u00fclet jelenleg \u00f6sszesen 21,2 hekt\u00e1ron folytat horg\u00e1sztat\u00e1st. Ebb\u0151l 7,5 hekt\u00e1r az \u00fagynevezett I-es t\u00f3 \u00e9s az 1,3 hekt\u00e1ros nagy nevel\u0151 t\u00f3 az Abony V\u00e1rosi \u00d6nkorm\u00e1nyzat tulajdona, amit rendelkez\u00e9s\u00fcnkre bocs\u00e1tottak t\u00e9r\u00edt\u00e9s mentesen kishaszonb\u00e9rleti szerz\u0151d\u00e9s keret\u00e9ben. A II-III-as tavat \u00e9s a hozz\u00e1 tartoz\u00f3 f\u00f6ldter\u00fcletet egyes\u00fclet\u00fcnk 2002-ben megv\u00e1s\u00e1rolta a Wienerberger T\u00e9glaipari Rt-t\u0151l. \u00cdgy elmondhatjuk, hogy saj\u00e1t tulajdon\u00fa horg\u00e1sz v\u00edzzel rendelkez\u00fcnk. Tavaink teljesen k\u00fcl\u00f6nb\u00f6z\u0151 mederalakulatokkal rendelkeznek. Az I-es t\u00f3 akad\u00f3mentes, \u00e1tlagosan 2 m\u00e9ter m\u00e9lys\u00e9g\u0171. Nagyr\u00e9szt iszapos, de tal\u00e1lhat\u00f3ak benne kem\u00e9ny, szinte horogmarasztal\u00f3 agyagdombok is. Ez a t\u00f3 a bel\u00e9p\u00e9skor jobb k\u00e9z fel\u0151l (horg\u00e1sztanya) tal\u00e1lhat\u00f3.M\u00f6g\u00f6tte k\u00f6zvetlen\u00fcl a nagy nevel\u0151 t\u00f3 helyezkedik el.2m \u00e1tlagm\u00e9lys\u00e9g\u0171,akad\u00f3mentes,apr\u00f3halban gazdag,id\u0151szakosan(tavasszal) telep\u00edtett t\u00f3. Bal k\u00e9z fel\u0151l a II-es t\u00f3 kezd\u0151dik,mely 5,5 hekt\u00e1r,\u00e1tlagm\u00e9lys\u00e9ge 3 m\u00e9ter, egyenletes, de n\u00e1dtorzs\u00e1s medre van, enyh\u00e9n akad\u00f3s. Tov\u00e1bb haladva m\u00e1r a III-as tavat tal\u00e1ljuk,amely 6,5 hekt\u00e1r. A k\u00e9t t\u00f3 k\u00f6z\u00f6tt nagyj\u00e1b\u00f3l f\u00e9l\u00faton egy ma m\u00e1r v\u00edz alatti g\u00e1t h\u00faz\u00f3dik. R\u00e9gen ez a g\u00e1t v\u00e1lasztotta el egym\u00e1st\u00f3l a k\u00e9t tavat. Ez a v\u00edzter\u00fclet a legv\u00e1ltozatosabb a tavaink k\u00f6z\u00fcl, 3-6 m\u00e9ter a m\u00e9lys\u00e9ge, a legm\u00e9lyebb pontokon iszapos,a sek\u00e9lyebb szakaszokon kem\u00e9ny agyagos. Sok v\u00edz alatti f\u00e1val, n\u00e1dtorzs\u00e1s r\u00e9sszel. Meghorg\u00e1sz\u00e1sa igazi kih\u00edv\u00e1s, m\u00e9g a r\u00e9gebbi tagjainknak is.A K\u0151r\u00f6stet\u00e9tlen fel\u00e9 vezet\u0151 m\u0171\u00fat fel\u0151li oldalon tal\u00e1lhat\u00f3 a II-es\u00a0 t\u00f3val k\u00e9t helyen \u00e1tv\u00e1gott,r\u00e9szben el\u00e1rasztott g\u00e1ttal ma m\u00e1r \u00f6sszek\u00f6ttet\u00e9sben l\u00e9v\u0151 kis nevel\u0151 t\u00f3,mely a maga 0,4 hekt\u00e1r nagys\u00e1g\u00e1val,enyh\u00e9n akad\u00f3s medr\u00e9vel,a ny\u00e1ri amuroz\u00e1sok f\u0151 ter\u00fclet\u00e9vel,\u00fcde sz\u00ednfoltja tavainknak.<\/p>\n<p>[\/et_pb_text][et_pb_text _builder_version=&#8221;4.22.1&#8243; text_font=&#8221;Darker Grotesque|600|||||||&#8221; text_font_size=&#8221;18px&#8221; text_line_height=&#8221;1.4em&#8221; global_colors_info=&#8221;{}&#8221;]<\/p>\n<p>2014-t\u0151l kiemelten figyel\u00fcnk a rendszeres min\u0151s\u00e9gi \u00e9s v\u00e1ltozatos, t\u00f6bb r\u00e9szletben t\u00f6rt\u00e9n\u0151 b\u00e9k\u00e9s \u00e9s ragadoz\u00f3 halak telep\u00edt\u00e9s\u00e9re. Tavainkban foghat\u00f3 halak: ponty, amur, k\u00e1r\u00e1sz, keszegf\u00e9l\u00e9k, harcsa, csuka, s\u00fcll\u0151, balin. Vizeink t\u00f6rpeharcs\u00e1t\u00f3l mentesek. Az elvihet\u0151 pontyok fels\u0151 s\u00faly\u00e1nak 5 kil\u00f3s,valamint az amur 7 kil\u00f3s hat\u00e1r\u00e1nak k\u00f6sz\u00f6nhet\u0151en ugr\u00e1sszer\u0171en megn\u0151tt a visszaeresztett jelent\u0151s s\u00faly\u00fa \u00e9s rekordlist\u00e1s p\u00e9ld\u00e1nyok sz\u00e1ma. Jelenlegi t\u00f3rekord pontyunk 20,9kg-os. T\u00f6bb halfajb\u00f3l is ker\u00fcltek partra rekordlist\u00e1s p\u00e9ld\u00e1nyok az \u00e9vek sor\u00e1n. Harcs\u00e1b\u00f3l 73kg-os \u00e9s t\u00f6bb 20-60kg-os is. Amurb\u00f3l 19kg-os \u00e9s sz\u00e1mtalan 5-15 kg-os. Csuk\u00e1b\u00f3l-s\u00fcll\u0151b\u0151l is kifog\u00e1sra ker\u00fclt m\u00e1r t\u00f6bb 5 kg-on fel\u00fcli p\u00e9ld\u00e1ny. Bus\u00e1b\u00f3l 41 kg-os. A tavak k\u00f6nnyed\u00e9n megk\u00f6zel\u00edthet\u0151ek a karbantartott k\u00f6ves part menti utaknak k\u00f6sz\u00f6nhet\u0151en.\u00a0<\/p>\n<p>[\/et_pb_text][\/et_pb_column][\/et_pb_row][\/et_pb_section][et_pb_section fb_built=&#8221;1&#8243; admin_label=&#8221;CTA&#8221; _builder_version=&#8221;4.22.1&#8243; background_color=&#8221;#263142&#8243; background_enable_image=&#8221;off&#8221; locked=&#8221;off&#8221; global_colors_info=&#8221;{}&#8221;][et_pb_row _builder_version=&#8221;4.16&#8243; max_width=&#8221;750px&#8221; module_alignment=&#8221;center&#8221; global_colors_info=&#8221;{}&#8221;][et_pb_column type=&#8221;4_4&#8243; _builder_version=&#8221;4.16&#8243; global_colors_info=&#8221;{}&#8221;][et_pb_text _builder_version=&#8221;4.22.1&#8243; text_font=&#8221;Darker Grotesque|900|||||||&#8221; text_text_color=&#8221;#FFFFFF&#8221; text_font_size=&#8221;40px&#8221; text_line_height=&#8221;1.4em&#8221; text_font_size_tablet=&#8221;30px&#8221; text_font_size_phone=&#8221;24px&#8221; text_font_size_last_edited=&#8221;on|phone&#8221; global_colors_info=&#8221;{}&#8221;]<\/p>\n<p>Szertettel v\u00e1rjuk a pihenni \u00e9s horg\u00e1szni v\u00e1gy\u00f3 vend\u00e9ghorg\u00e1sz t\u00e1rsainkat! G\u00f6rb\u00fclj\u00f6n! \ud83d\ude42<\/p>\n<p>[\/et_pb_text][\/et_pb_column][\/et_pb_row][\/et_pb_section][et_pb_section fb_built=&#8221;1&#8243; admin_label=&#8221;Footer&#8221; _builder_version=&#8221;4.22.1&#8243; background_enable_color=&#8221;off&#8221; use_background_color_gradient=&#8221;on&#8221; background_color_gradient_stops=&#8221;rgba(249,243,232,0.85) 0%|rgba(249,243,232,0.9) 100%&#8221; background_color_gradient_overlays_image=&#8221;on&#8221; background_color_gradient_start=&#8221;rgba(249,243,232,0.85)&#8221; background_color_gradient_end=&#8221;rgba(249,243,232,0.9)&#8221; background_image=&#8221;https:\/\/www.abonyhorgasz.hu\/ujoldal\/wp-content\/uploads\/abony_horgasz.jpg&#8221; custom_margin=&#8221;||0px||false|false&#8221; custom_padding=&#8221;||15px||false|false&#8221; saved_tabs=&#8221;all&#8221; locked=&#8221;off&#8221; global_colors_info=&#8221;{}&#8221; global_module=&#8221;977&#8243; theme_builder_area=&#8221;post_content&#8221;][et_pb_row column_structure=&#8221;1_4,1_4,1_2&#8243; _builder_version=&#8221;4.27.0&#8243; locked=&#8221;off&#8221; global_colors_info=&#8221;{}&#8221; theme_builder_area=&#8221;post_content&#8221;][et_pb_column type=&#8221;1_4&#8243; _builder_version=&#8221;4.16&#8243; global_colors_info=&#8221;{}&#8221; theme_builder_area=&#8221;post_content&#8221;][et_pb_text _builder_version=&#8221;4.27.0&#8243; text_font=&#8221;Darker Grotesque|600|||||||&#8221; text_font_size=&#8221;18px&#8221; text_line_height=&#8221;1.4em&#8221; link_font=&#8221;Darker Grotesque|600|||||||&#8221; link_text_color=&#8221;#666666&#8243; link_font_size=&#8221;18px&#8221; link_line_height=&#8221;1.4em&#8221; header_4_font=&#8221;Darker Grotesque|900|||||||&#8221; header_4_font_size=&#8221;22px&#8221; header_4_line_height=&#8221;1.4em&#8221; global_colors_info=&#8221;{}&#8221; theme_builder_area=&#8221;post_content&#8221;]<\/p>\n<h4>Az Abonyi HE el\u00e9rhet\u0151s\u00e9gei:<\/h4>\n<h4>\u00dcgyf\u00e9lfogad\u00e1s:<\/h4>\n<p>C\u00edm: <a href=\"https:\/\/maps.app.goo.gl\/XWAo23cmmT6KXNTJ9\">2740 Abony, K\u00e9cskei \u00fat 27.<\/a><br \/>Id\u0151pont: vas\u00e1rnaponk\u00e9nt <br \/>\u00a0 \u00a0 \u00a0 \u00a0 \u00a0 \u00a0 \u00a0 \u00a0 9-11 \u00f3ra<\/p>\n<p>[\/et_pb_text][et_pb_text _builder_version=&#8221;4.22.1&#8243; text_font=&#8221;Darker Grotesque|600|||||||&#8221; text_font_size=&#8221;18px&#8221; text_line_height=&#8221;1.4em&#8221; link_text_color=&#8221;#666666&#8243; header_4_font=&#8221;Darker Grotesque|900|||||||&#8221; header_4_font_size=&#8221;22px&#8221; header_4_line_height=&#8221;1.4em&#8221; global_colors_info=&#8221;{}&#8221; theme_builder_area=&#8221;post_content&#8221;]<\/p>\n<h4>E-mail:<\/h4>\n<p><a href=\"mailto:abonyihe@gmail.com\u00a0\">abonyihe[kukac]gmail.com\u00a0<\/a><\/p>\n<p>[\/et_pb_text][\/et_pb_column][et_pb_column type=&#8221;1_4&#8243; _builder_version=&#8221;4.16&#8243; global_colors_info=&#8221;{}&#8221; theme_builder_area=&#8221;post_content&#8221;][et_pb_text _builder_version=&#8221;4.22.1&#8243; text_font=&#8221;Darker Grotesque|600|||||||&#8221; text_font_size=&#8221;18px&#8221; text_line_height=&#8221;1.4em&#8221; header_4_font=&#8221;Darker Grotesque|900|||||||&#8221; header_4_font_size=&#8221;22px&#8221; header_4_line_height=&#8221;1.4em&#8221; global_colors_info=&#8221;{}&#8221; theme_builder_area=&#8221;post_content&#8221;]<\/p>\n<h4><strong>Banksz\u00e1mlasz\u00e1m:<\/strong><\/h4>\n<p>11742142-20001292<\/p>\n<h4><strong>Ad\u00f3sz\u00e1m: <\/strong><\/h4>\n<p>19832395-1-13<\/p>\n<p>[\/et_pb_text][\/et_pb_column][et_pb_column type=&#8221;1_2&#8243; _builder_version=&#8221;4.16&#8243; custom_padding=&#8221;|50px|||false|false&#8221; custom_padding_tablet=&#8221;|0px|||false|false&#8221; custom_padding_phone=&#8221;&#8221; custom_padding_last_edited=&#8221;on|tablet&#8221; global_colors_info=&#8221;{}&#8221; theme_builder_area=&#8221;post_content&#8221;][et_pb_text _builder_version=&#8221;4.22.1&#8243; text_font=&#8221;Darker Grotesque|600|||||||&#8221; text_font_size=&#8221;18px&#8221; text_line_height=&#8221;1.4em&#8221; link_font=&#8221;Darker Grotesque||||||||&#8221; link_text_color=&#8221;#666666&#8243; header_4_font=&#8221;Darker Grotesque|900|||||||&#8221; header_4_font_size=&#8221;22px&#8221; header_4_line_height=&#8221;1.4em&#8221; global_colors_info=&#8221;{}&#8221; theme_builder_area=&#8221;post_content&#8221;]<\/p>\n<h4>Telefonsz\u00e1mok:<\/h4>\n<p><span>Barna J\u00f3zsef (eln\u00f6k): <a href=\"tel:06205321076\">06\/20 532 1076<\/a><br \/>Hamar Attila (aleln\u00f6k, hal\u0151r felel\u0151s): <a href=\"tel:06709486398\">06\/70 948 6398<\/a><br \/>Enyedi Ferenc (aleln\u00f6k, ifj\u00fas\u00e1gi felel\u0151s): <a href=\"tel:06306490691\">06\/30 649 0691<\/a><br \/>Antal P\u00e9ter (titk\u00e1r): <a href=\"tel:06203112742\">06\/20 311 2742<\/a><br \/>Varga B\u00e1lint (t\u00f3gazda): <a href=\"tel:06305992546\">06\/30 599 2546<\/a><br \/>Feh\u00e9r Andr\u00e1s (p\u00e9nzt\u00e1ros): <a href=\"tel:06302276750\">06\/30 227 6750<\/a><br \/>Bajtek Tibor (versenyfelel\u0151s): <a href=\"tel:06204068047\">06\/20 406 8047<\/a><br \/>Kov\u00e1cs Tam\u00e1s (k\u00f6rnyezetv\u00e9delmi felel\u0151s): <a href=\"tel:06302636083\">06\/30 263 6083<\/a><br \/>Habony G\u00e1bor (partszakasz felel\u0151s): <a href=\"tel:06306052126\">06\/30 605 2126<\/a><br \/>Abopol diszp\u00e9cser: <a href=\"tel:06204756599\">06\/20 475 6599<\/a><br \/>Abonyi rend\u0151rs\u00e9g: <a href=\"tel:06302773185\">06\/30 277 3185<\/a><br \/>Seg\u00e9lyh\u00edv\u00f3: <a href=\"tel:112\">112<\/a><\/span><\/p>\n<p>[\/et_pb_text][\/et_pb_column][\/et_pb_row][et_pb_row _builder_version=&#8221;4.22.1&#8243; custom_margin=&#8221;||0px||false|false&#8221; custom_padding=&#8221;||0px||false|false&#8221; locked=&#8221;off&#8221; global_colors_info=&#8221;{}&#8221; theme_builder_area=&#8221;post_content&#8221;][et_pb_column type=&#8221;4_4&#8243; _builder_version=&#8221;4.16&#8243; global_colors_info=&#8221;{}&#8221; theme_builder_area=&#8221;post_content&#8221;][et_pb_text _builder_version=&#8221;4.22.1&#8243; text_font=&#8221;Darker Grotesque|600|||||||&#8221; text_font_size=&#8221;18px&#8221; text_line_height=&#8221;1.4em&#8221; header_4_font=&#8221;Darker Grotesque|900|||||||&#8221; header_4_font_size=&#8221;22px&#8221; header_4_line_height=&#8221;1.4em&#8221; text_font_size_tablet=&#8221;&#8221; text_font_size_phone=&#8221;14px&#8221; text_font_size_last_edited=&#8221;on|phone&#8221; global_colors_info=&#8221;{}&#8221; theme_builder_area=&#8221;post_content&#8221;]<\/p>\n<p style=\"text-align: center;\"><span>\u00a9 Abonyi Horg\u00e1sz Egyes\u00fclet | Minden jog fenntartva.<\/span><\/p>\n<p>[\/et_pb_text][\/et_pb_column][\/et_pb_row][\/et_pb_section]<\/p>\n","protected":false},"excerpt":{"rendered":"<p>Bemutatkoz\u00e1sAz Abonyi Horg\u00e1sz Egyes\u00fclet &#8211; \/MOHOSZ t\u00f6rzssz\u00e1ma: 502\/ &#8211; 1976. \u00c9vben alakult 57 taggal. A jelenlegi feln\u0151tt tagl\u00e9tsz\u00e1munk a 2016. \u00e9v v\u00e9g\u00e9re megk\u00f6zel\u00edtette a maxim\u00e1lt 300 f\u0151t. Tagfelv\u00e9teli k\u00e9relmeket term\u00e9szetesen tov\u00e1bbra is befogadunk a meg\u00fcresed\u0151 helyekre, de csak korl\u00e1tozott sz\u00e1mban.Az egyes\u00fclet eln\u00f6ke: Barna J\u00f3zsefAleln\u00f6kei: Hamar Attila, Enyedi FerencTitk\u00e1ra: Antal P\u00e9terT\u00f3gazda: Varga B\u00e1lint\u00a0T.B. eln\u00f6ke: Gyigor J\u00f3zsefAz [&hellip;]<\/p>\n","protected":false},"author":1,"featured_media":0,"parent":0,"menu_order":0,"comment_status":"closed","ping_status":"closed","template":"page-template-blank.php","meta":{"_et_pb_use_builder":"on","_et_pb_old_content":"","_et_gb_content_width":"","footnotes":""},"class_list":["post-16","page","type-page","status-publish","hentry"],"_links":{"self":[{"href":"https:\/\/www.abonyhorgasz.hu\/ujoldal\/wp-json\/wp\/v2\/pages\/16","targetHints":{"allow":["GET"]}}],"collection":[{"href":"https:\/\/www.abonyhorgasz.hu\/ujoldal\/wp-json\/wp\/v2\/pages"}],"about":[{"href":"https:\/\/www.abonyhorgasz.hu\/ujoldal\/wp-json\/wp\/v2\/types\/page"}],"author":[{"embeddable":true,"href":"https:\/\/www.abonyhorgasz.hu\/ujoldal\/wp-json\/wp\/v2\/users\/1"}],"replies":[{"embeddable":true,"href":"https:\/\/www.abonyhorgasz.hu\/ujoldal\/wp-json\/wp\/v2\/comments?post=16"}],"version-history":[{"count":3,"href":"https:\/\/www.abonyhorgasz.hu\/ujoldal\/wp-json\/wp\/v2\/pages\/16\/revisions"}],"predecessor-version":[{"id":987,"href":"https:\/\/www.abonyhorgasz.hu\/ujoldal\/wp-json\/wp\/v2\/pages\/16\/revisions\/987"}],"wp:attachment":[{"href":"https:\/\/www.abonyhorgasz.hu\/ujoldal\/wp-json\/wp\/v2\/media?parent=16"}],"curies":[{"name":"wp","href":"https:\/\/api.w.org\/{rel}","templated":true}]}}