{"id":19,"date":"2024-09-10T18:11:26","date_gmt":"2024-09-10T18:11:26","guid":{"rendered":"https:\/\/www.abonyhorgasz.hu\/ujoldal\/?page_id=19"},"modified":"2024-09-10T19:46:11","modified_gmt":"2024-09-10T19:46:11","slug":"kapcsolat","status":"publish","type":"page","link":"https:\/\/www.abonyhorgasz.hu\/ujoldal\/kapcsolat\/","title":{"rendered":"Kapcsolat"},"content":{"rendered":"<p>[et_pb_section fb_built=&#8221;1&#8243; fullwidth=&#8221;on&#8221; _builder_version=&#8221;4.22.1&#8243; _module_preset=&#8221;default&#8221; background_color=&#8221;#FFFFFF&#8221; global_colors_info=&#8221;{}&#8221; global_module=&#8221;976&#8243; theme_builder_area=&#8221;post_content&#8221;][et_pb_fullwidth_menu menu_id=&#8221;61&#8243; fullwidth_menu=&#8221;on&#8221; active_link_color=&#8221;#000000&#8243; menu_icon_color=&#8221;#263142&#8243; _builder_version=&#8221;4.22.1&#8243; _module_preset=&#8221;default&#8221; menu_font=&#8221;Darker Grotesque|900|||||||&#8221; menu_font_size=&#8221;18px&#8221; text_orientation=&#8221;right&#8221; module_alignment=&#8221;right&#8221; custom_margin=&#8221;|45px|||false|false&#8221; custom_margin_tablet=&#8221;&#8221; custom_margin_phone=&#8221;|0px|||false|false&#8221; custom_margin_last_edited=&#8221;on|phone&#8221; global_colors_info=&#8221;{}&#8221; theme_builder_area=&#8221;post_content&#8221;][\/et_pb_fullwidth_menu][\/et_pb_section][et_pb_section fb_built=&#8221;1&#8243; admin_label=&#8221;Header&#8221; _builder_version=&#8221;4.22.1&#8243; use_background_color_gradient=&#8221;on&#8221; background_color_gradient_stops=&#8221;rgba(0,19,46,0.6) 0%|rgba(0,19,46,0.6) 100%&#8221; background_color_gradient_overlays_image=&#8221;on&#8221; background_color_gradient_start=&#8221;rgba(0,19,46,0.6)&#8221; background_color_gradient_end=&#8221;rgba(0,19,46,0.6)&#8221; background_image=&#8221;https:\/\/www.abonyhorgasz.hu\/ujoldal\/wp-content\/uploads\/footer-1.jpg&#8221; custom_padding=&#8221;||||false|false&#8221; locked=&#8221;off&#8221; global_colors_info=&#8221;{}&#8221;][et_pb_row _builder_version=&#8221;4.16&#8243; global_colors_info=&#8221;{}&#8221;][et_pb_column type=&#8221;4_4&#8243; _builder_version=&#8221;4.16&#8243; global_colors_info=&#8221;{}&#8221;][et_pb_text _builder_version=&#8221;4.22.1&#8243; header_font=&#8221;Darker Grotesque|900|||||||&#8221; header_font_size=&#8221;100px&#8221; background_layout=&#8221;dark&#8221; max_width=&#8221;760px&#8221; custom_margin=&#8221;||||false|false&#8221; header_font_size_tablet=&#8221;70px&#8221; header_font_size_phone=&#8221;40px&#8221; header_font_size_last_edited=&#8221;on|phone&#8221; global_colors_info=&#8221;{}&#8221;]<\/p>\n<h1>Kapcsolat<\/h1>\n<p>[\/et_pb_text][\/et_pb_column][\/et_pb_row][\/et_pb_section][et_pb_section fb_built=&#8221;1&#8243; admin_label=&#8221;Contact Info&#8221; _builder_version=&#8221;4.16&#8243; global_colors_info=&#8221;{}&#8221;][et_pb_row column_structure=&#8221;2_5,3_5&#8243; make_equal=&#8221;on&#8221; custom_padding_last_edited=&#8221;on|phone&#8221; _builder_version=&#8221;4.22.1&#8243; custom_margin_tablet=&#8221;&#8221; custom_margin_phone=&#8221;0px||||false|false&#8221; custom_margin_last_edited=&#8221;on|phone&#8221; custom_padding_tablet=&#8221;&#8221; custom_padding_phone=&#8221;0px||||false|false&#8221; global_colors_info=&#8221;{}&#8221;][et_pb_column type=&#8221;2_5&#8243; _builder_version=&#8221;4.16&#8243; global_colors_info=&#8221;{}&#8221;][et_pb_blurb title=&#8221;abonyihe%91kukac%93gmail.com&#8221; url=&#8221;mailto:abonyihe%91kukac%93gmail.com&#8221; use_icon=&#8221;on&#8221; font_icon=&#8221;&#xe010;||divi||400&#8243; icon_color=&#8221;#283444&#8243; icon_placement=&#8221;left&#8221; image_icon_width=&#8221;30px&#8221; _builder_version=&#8221;4.27.0&#8243; _module_preset=&#8221;default&#8221; header_font=&#8221;Darker Grotesque|700|||||||&#8221; header_text_color=&#8221;#000000&#8243; header_font_size=&#8221;20px&#8221; header_line_height=&#8221;1.4em&#8221; custom_margin=&#8221;30px||||false|false&#8221; custom_margin_tablet=&#8221;30px||||false|false&#8221; custom_margin_phone=&#8221;0px||||false|false&#8221; custom_margin_last_edited=&#8221;on|phone&#8221; global_colors_info=&#8221;{}&#8221;][\/et_pb_blurb][et_pb_text _builder_version=&#8221;4.22.1&#8243; text_font=&#8221;Darker Grotesque|600|||||||&#8221; text_font_size=&#8221;18px&#8221; text_line_height=&#8221;1.4em&#8221; link_text_color=&#8221;#000000&#8243; custom_margin=&#8221;||0px||false|false&#8221; custom_padding=&#8221;||5px||false|false&#8221; global_colors_info=&#8221;{}&#8221;]<\/p>\n<p><span><strong>\u00dcgyf\u00e9lfogad\u00e1s:<\/strong> vas\u00e1rnaponk\u00e9nt 9-11 \u00f3ra<\/span><\/p>\n<p>[\/et_pb_text][et_pb_text _builder_version=&#8221;4.22.1&#8243; text_font=&#8221;Darker Grotesque|600|||||||&#8221; text_font_size=&#8221;18px&#8221; text_line_height=&#8221;1.4em&#8221; link_text_color=&#8221;#000000&#8243; custom_margin=&#8221;0px||||false|false&#8221; custom_padding=&#8221;0px||||false|false&#8221; link_option_url=&#8221;https:\/\/maps.app.goo.gl\/wr8YbJB38xTBr2kM6&#8243; global_colors_info=&#8221;{}&#8221;]<\/p>\n<p><span>2740 Abony,<br \/>K\u00e9cskei \u00fat 27 .<\/span><\/p>\n<p>[\/et_pb_text][et_pb_text _builder_version=&#8221;4.22.1&#8243; text_font=&#8221;Darker Grotesque|600|||||||&#8221; text_font_size=&#8221;18px&#8221; text_line_height=&#8221;1.4em&#8221; link_text_color=&#8221;#000000&#8243; custom_margin=&#8221;||0px||false|false&#8221; custom_padding=&#8221;||5px||false|false&#8221; global_colors_info=&#8221;{}&#8221;]<\/p>\n<p><strong>Telefonsz\u00e1mok:<\/strong><\/p>\n<p>[\/et_pb_text][et_pb_text _builder_version=&#8221;4.22.1&#8243; text_font=&#8221;Darker Grotesque|600|||||||&#8221; text_font_size=&#8221;18px&#8221; text_line_height=&#8221;1.4em&#8221; link_font=&#8221;Darker Grotesque|600|||||||&#8221; link_text_color=&#8221;#666666&#8243; link_font_size=&#8221;18px&#8221; link_line_height=&#8221;1.4em&#8221; custom_margin=&#8221;||0px||false|false&#8221; custom_padding=&#8221;||25px||false|false&#8221; global_colors_info=&#8221;{}&#8221;]<\/p>\n<p><span>Barna J\u00f3zsef (eln\u00f6k): <a href=\"tel:06205321076\">06\/20 532 1076<\/a><br \/>Hamar Attila (aleln\u00f6k, hal\u0151r felel\u0151s): <a href=\"tel:06709486398\">06\/70 948 6398<\/a><br \/>Enyedi Ferenc (aleln\u00f6k, ifj\u00fas\u00e1gi felel\u0151s): <a href=\"tel:06306490691\">06\/30 649 0691<\/a><br \/>Antal P\u00e9ter (titk\u00e1r): <a href=\"tel:06203112742\">06\/20 311 2742<\/a><br \/>Varga B\u00e1lint (t\u00f3gazda): <a href=\"tel:06305992546\">06\/30 599 2546<\/a><br \/>Feh\u00e9r Andr\u00e1s (p\u00e9nzt\u00e1ros): <a href=\"tel:06302276750\">06\/30 227 6750<\/a><br \/>Bajtek Tibor (versenyfelel\u0151s): <a href=\"tel:06204068047\">06\/20 406 8047<\/a><br \/>Kov\u00e1cs Tam\u00e1s (k\u00f6rnyezetv\u00e9delmi felel\u0151s): <a href=\"tel:06302636083\">06\/30 263 6083<\/a><br \/>Habony G\u00e1bor (partszakasz felel\u0151s): <a href=\"tel:06306052126\">06\/30 605 2126<\/a><br \/>Abopol diszp\u00e9cser: <a href=\"tel:06204756599\">06\/20 475 6599<\/a><br \/>Abonyi rend\u0151rs\u00e9g: <a href=\"tel:06302773185\">06\/30 277 3185<\/a><br \/>Seg\u00e9lyh\u00edv\u00f3: <a href=\"tel:112\">112<\/a><\/span><\/p>\n<p>[\/et_pb_text][et_pb_social_media_follow icon_color=&#8221;#283444&#8243; _builder_version=&#8221;4.22.1&#8243; text_orientation_tablet=&#8221;left&#8221; text_orientation_last_edited=&#8221;off|tablet&#8221; module_alignment_tablet=&#8221;left&#8221; module_alignment_last_edited=&#8221;off|desktop&#8221; border_radii=&#8221;on|50px|50px|50px|50px&#8221; border_width_all=&#8221;10px&#8221; border_color_all=&#8221;rgba(0,0,0,0)&#8221; locked=&#8221;off&#8221; global_colors_info=&#8221;{}&#8221;][et_pb_social_media_follow_network social_network=&#8221;facebook&#8221; url=&#8221;https:\/\/www.facebook.com\/groups\/abonyihe&#8221; _builder_version=&#8221;4.22.1&#8243; background_color=&#8221;#ddccb8&#8243; background_enable_color=&#8221;on&#8221; global_colors_info=&#8221;{}&#8221; follow_button=&#8221;off&#8221; url_new_window=&#8221;on&#8221;]facebook[\/et_pb_social_media_follow_network][\/et_pb_social_media_follow][\/et_pb_column][et_pb_column type=&#8221;3_5&#8243; _builder_version=&#8221;4.22.1&#8243; background_enable_color=&#8221;off&#8221; custom_padding=&#8221;40px|40px|40px|40px|true|true&#8221; custom_padding_tablet=&#8221;|30px||30px|true|true&#8221; custom_padding_phone=&#8221;|0px||0px|true|true&#8221; custom_padding_last_edited=&#8221;on|phone&#8221; global_colors_info=&#8221;{}&#8221;][et_pb_text _builder_version=&#8221;4.22.1&#8243; _module_preset=&#8221;default&#8221; width_tablet=&#8221;&#8221; width_phone=&#8221;100%&#8221; width_last_edited=&#8221;on|phone&#8221; max_width_tablet=&#8221;&#8221; max_width_phone=&#8221;100%&#8221; max_width_last_edited=&#8221;on|phone&#8221; global_colors_info=&#8221;{}&#8221;]<\/p>\n<p><iframe src=\"https:\/\/www.google.com\/maps\/embed?pb=!1m18!1m12!1m3!1d5424.862837062801!2d19.994083663533903!3d47.16898923408752!2m3!1f0!2f0!3f0!3m2!1i1024!2i768!4f13.1!3m3!1m2!1s0x47416bc9d32e4be3%3A0xc897401580ecd34!2sAbonyi%20horg%C3%A1sztavak!5e0!3m2!1shu!2shu!4v1724967247452!5m2!1shu!2shu\" width=\"600\" height=\"600\" style=\"border: 0;\" allowfullscreen=\"\" loading=\"lazy\" referrerpolicy=\"no-referrer-when-downgrade\"><\/iframe><\/p>\n<p>[\/et_pb_text][\/et_pb_column][\/et_pb_row][\/et_pb_section][et_pb_section fb_built=&#8221;1&#8243; admin_label=&#8221;Footer&#8221; _builder_version=&#8221;4.22.1&#8243; background_enable_color=&#8221;off&#8221; use_background_color_gradient=&#8221;on&#8221; background_color_gradient_stops=&#8221;rgba(249,243,232,0.85) 0%|rgba(249,243,232,0.9) 100%&#8221; background_color_gradient_overlays_image=&#8221;on&#8221; background_color_gradient_start=&#8221;rgba(249,243,232,0.85)&#8221; background_color_gradient_end=&#8221;rgba(249,243,232,0.9)&#8221; background_image=&#8221;https:\/\/www.abonyhorgasz.hu\/ujoldal\/wp-content\/uploads\/abony_horgasz.jpg&#8221; custom_margin=&#8221;||0px||false|false&#8221; custom_padding=&#8221;||15px||false|false&#8221; saved_tabs=&#8221;all&#8221; locked=&#8221;off&#8221; global_colors_info=&#8221;{}&#8221; global_module=&#8221;977&#8243; theme_builder_area=&#8221;post_content&#8221;][et_pb_row column_structure=&#8221;1_4,1_4,1_2&#8243; _builder_version=&#8221;4.27.0&#8243; locked=&#8221;off&#8221; global_colors_info=&#8221;{}&#8221; theme_builder_area=&#8221;post_content&#8221;][et_pb_column type=&#8221;1_4&#8243; _builder_version=&#8221;4.16&#8243; global_colors_info=&#8221;{}&#8221; theme_builder_area=&#8221;post_content&#8221;][et_pb_text _builder_version=&#8221;4.27.0&#8243; text_font=&#8221;Darker Grotesque|600|||||||&#8221; text_font_size=&#8221;18px&#8221; text_line_height=&#8221;1.4em&#8221; link_font=&#8221;Darker Grotesque|600|||||||&#8221; link_text_color=&#8221;#666666&#8243; link_font_size=&#8221;18px&#8221; link_line_height=&#8221;1.4em&#8221; header_4_font=&#8221;Darker Grotesque|900|||||||&#8221; header_4_font_size=&#8221;22px&#8221; header_4_line_height=&#8221;1.4em&#8221; global_colors_info=&#8221;{}&#8221; theme_builder_area=&#8221;post_content&#8221;]<\/p>\n<h4>Az Abonyi HE el\u00e9rhet\u0151s\u00e9gei:<\/h4>\n<h4>\u00dcgyf\u00e9lfogad\u00e1s:<\/h4>\n<p>C\u00edm: <a href=\"https:\/\/maps.app.goo.gl\/XWAo23cmmT6KXNTJ9\">2740 Abony, K\u00e9cskei \u00fat 27.<\/a><br \/>Id\u0151pont: vas\u00e1rnaponk\u00e9nt <br \/>\u00a0 \u00a0 \u00a0 \u00a0 \u00a0 \u00a0 \u00a0 \u00a0 9-11 \u00f3ra<\/p>\n<p>[\/et_pb_text][et_pb_text _builder_version=&#8221;4.22.1&#8243; text_font=&#8221;Darker Grotesque|600|||||||&#8221; text_font_size=&#8221;18px&#8221; text_line_height=&#8221;1.4em&#8221; link_text_color=&#8221;#666666&#8243; header_4_font=&#8221;Darker Grotesque|900|||||||&#8221; header_4_font_size=&#8221;22px&#8221; header_4_line_height=&#8221;1.4em&#8221; global_colors_info=&#8221;{}&#8221; theme_builder_area=&#8221;post_content&#8221;]<\/p>\n<h4>E-mail:<\/h4>\n<p><a href=\"mailto:abonyihe@gmail.com\u00a0\">abonyihe[kukac]gmail.com\u00a0<\/a><\/p>\n<p>[\/et_pb_text][\/et_pb_column][et_pb_column type=&#8221;1_4&#8243; _builder_version=&#8221;4.16&#8243; global_colors_info=&#8221;{}&#8221; theme_builder_area=&#8221;post_content&#8221;][et_pb_text _builder_version=&#8221;4.22.1&#8243; text_font=&#8221;Darker Grotesque|600|||||||&#8221; text_font_size=&#8221;18px&#8221; text_line_height=&#8221;1.4em&#8221; header_4_font=&#8221;Darker Grotesque|900|||||||&#8221; header_4_font_size=&#8221;22px&#8221; header_4_line_height=&#8221;1.4em&#8221; global_colors_info=&#8221;{}&#8221; theme_builder_area=&#8221;post_content&#8221;]<\/p>\n<h4><strong>Banksz\u00e1mlasz\u00e1m:<\/strong><\/h4>\n<p>11742142-20001292<\/p>\n<h4><strong>Ad\u00f3sz\u00e1m: <\/strong><\/h4>\n<p>19832395-1-13<\/p>\n<p>[\/et_pb_text][\/et_pb_column][et_pb_column type=&#8221;1_2&#8243; _builder_version=&#8221;4.16&#8243; custom_padding=&#8221;|50px|||false|false&#8221; custom_padding_tablet=&#8221;|0px|||false|false&#8221; custom_padding_phone=&#8221;&#8221; custom_padding_last_edited=&#8221;on|tablet&#8221; global_colors_info=&#8221;{}&#8221; theme_builder_area=&#8221;post_content&#8221;][et_pb_text _builder_version=&#8221;4.22.1&#8243; text_font=&#8221;Darker Grotesque|600|||||||&#8221; text_font_size=&#8221;18px&#8221; text_line_height=&#8221;1.4em&#8221; link_font=&#8221;Darker Grotesque||||||||&#8221; link_text_color=&#8221;#666666&#8243; header_4_font=&#8221;Darker Grotesque|900|||||||&#8221; header_4_font_size=&#8221;22px&#8221; header_4_line_height=&#8221;1.4em&#8221; global_colors_info=&#8221;{}&#8221; theme_builder_area=&#8221;post_content&#8221;]<\/p>\n<h4>Telefonsz\u00e1mok:<\/h4>\n<p><span>Barna J\u00f3zsef (eln\u00f6k): <a href=\"tel:06205321076\">06\/20 532 1076<\/a><br \/>Hamar Attila (aleln\u00f6k, hal\u0151r felel\u0151s): <a href=\"tel:06709486398\">06\/70 948 6398<\/a><br \/>Enyedi Ferenc (aleln\u00f6k, ifj\u00fas\u00e1gi felel\u0151s): <a href=\"tel:06306490691\">06\/30 649 0691<\/a><br \/>Antal P\u00e9ter (titk\u00e1r): <a href=\"tel:06203112742\">06\/20 311 2742<\/a><br \/>Varga B\u00e1lint (t\u00f3gazda): <a href=\"tel:06305992546\">06\/30 599 2546<\/a><br \/>Feh\u00e9r Andr\u00e1s (p\u00e9nzt\u00e1ros): <a href=\"tel:06302276750\">06\/30 227 6750<\/a><br \/>Bajtek Tibor (versenyfelel\u0151s): <a href=\"tel:06204068047\">06\/20 406 8047<\/a><br \/>Kov\u00e1cs Tam\u00e1s (k\u00f6rnyezetv\u00e9delmi felel\u0151s): <a href=\"tel:06302636083\">06\/30 263 6083<\/a><br \/>Habony G\u00e1bor (partszakasz felel\u0151s): <a href=\"tel:06306052126\">06\/30 605 2126<\/a><br \/>Abopol diszp\u00e9cser: <a href=\"tel:06204756599\">06\/20 475 6599<\/a><br \/>Abonyi rend\u0151rs\u00e9g: <a href=\"tel:06302773185\">06\/30 277 3185<\/a><br \/>Seg\u00e9lyh\u00edv\u00f3: <a href=\"tel:112\">112<\/a><\/span><\/p>\n<p>[\/et_pb_text][\/et_pb_column][\/et_pb_row][et_pb_row _builder_version=&#8221;4.22.1&#8243; custom_margin=&#8221;||0px||false|false&#8221; custom_padding=&#8221;||0px||false|false&#8221; locked=&#8221;off&#8221; global_colors_info=&#8221;{}&#8221; theme_builder_area=&#8221;post_content&#8221;][et_pb_column type=&#8221;4_4&#8243; _builder_version=&#8221;4.16&#8243; global_colors_info=&#8221;{}&#8221; theme_builder_area=&#8221;post_content&#8221;][et_pb_text _builder_version=&#8221;4.22.1&#8243; text_font=&#8221;Darker Grotesque|600|||||||&#8221; text_font_size=&#8221;18px&#8221; text_line_height=&#8221;1.4em&#8221; header_4_font=&#8221;Darker Grotesque|900|||||||&#8221; header_4_font_size=&#8221;22px&#8221; header_4_line_height=&#8221;1.4em&#8221; text_font_size_tablet=&#8221;&#8221; text_font_size_phone=&#8221;14px&#8221; text_font_size_last_edited=&#8221;on|phone&#8221; global_colors_info=&#8221;{}&#8221; theme_builder_area=&#8221;post_content&#8221;]<\/p>\n<p style=\"text-align: center;\"><span>\u00a9 Abonyi Horg\u00e1sz Egyes\u00fclet | Minden jog fenntartva.<\/span><\/p>\n<p>[\/et_pb_text][\/et_pb_column][\/et_pb_row][\/et_pb_section]<\/p>\n","protected":false},"excerpt":{"rendered":"<p>Kapcsolat\u00dcgyf\u00e9lfogad\u00e1s: vas\u00e1rnaponk\u00e9nt 9-11 \u00f3ra2740 Abony,K\u00e9cskei \u00fat 27 .Telefonsz\u00e1mok:Barna J\u00f3zsef (eln\u00f6k): 06\/20 532 1076Hamar Attila (aleln\u00f6k, hal\u0151r felel\u0151s): 06\/70 948 6398Enyedi Ferenc (aleln\u00f6k, ifj\u00fas\u00e1gi felel\u0151s): 06\/30 649 0691Antal P\u00e9ter (titk\u00e1r): 06\/20 311 2742Varga B\u00e1lint (t\u00f3gazda): 06\/30 599 2546Feh\u00e9r Andr\u00e1s (p\u00e9nzt\u00e1ros): 06\/30 227 6750Bajtek Tibor (versenyfelel\u0151s): 06\/20 406 8047Kov\u00e1cs Tam\u00e1s (k\u00f6rnyezetv\u00e9delmi felel\u0151s): 06\/30 263 6083Habony G\u00e1bor (partszakasz [&hellip;]<\/p>\n","protected":false},"author":1,"featured_media":0,"parent":0,"menu_order":0,"comment_status":"closed","ping_status":"closed","template":"page-template-blank.php","meta":{"_et_pb_use_builder":"on","_et_pb_old_content":"","_et_gb_content_width":"","footnotes":""},"class_list":["post-19","page","type-page","status-publish","hentry"],"_links":{"self":[{"href":"https:\/\/www.abonyhorgasz.hu\/ujoldal\/wp-json\/wp\/v2\/pages\/19","targetHints":{"allow":["GET"]}}],"collection":[{"href":"https:\/\/www.abonyhorgasz.hu\/ujoldal\/wp-json\/wp\/v2\/pages"}],"about":[{"href":"https:\/\/www.abonyhorgasz.hu\/ujoldal\/wp-json\/wp\/v2\/types\/page"}],"author":[{"embeddable":true,"href":"https:\/\/www.abonyhorgasz.hu\/ujoldal\/wp-json\/wp\/v2\/users\/1"}],"replies":[{"embeddable":true,"href":"https:\/\/www.abonyhorgasz.hu\/ujoldal\/wp-json\/wp\/v2\/comments?post=19"}],"version-history":[{"count":5,"href":"https:\/\/www.abonyhorgasz.hu\/ujoldal\/wp-json\/wp\/v2\/pages\/19\/revisions"}],"predecessor-version":[{"id":986,"href":"https:\/\/www.abonyhorgasz.hu\/ujoldal\/wp-json\/wp\/v2\/pages\/19\/revisions\/986"}],"wp:attachment":[{"href":"https:\/\/www.abonyhorgasz.hu\/ujoldal\/wp-json\/wp\/v2\/media?parent=19"}],"curies":[{"name":"wp","href":"https:\/\/api.w.org\/{rel}","templated":true}]}}