{"id":9,"date":"2024-09-10T18:09:54","date_gmt":"2024-09-10T18:09:54","guid":{"rendered":"https:\/\/www.abonyhorgasz.hu\/ujoldal\/?page_id=9"},"modified":"2024-09-10T19:42:46","modified_gmt":"2024-09-10T19:42:46","slug":"kezdolap","status":"publish","type":"page","link":"https:\/\/www.abonyhorgasz.hu\/ujoldal\/","title":{"rendered":"Kezd\u0151lap"},"content":{"rendered":"<p>[et_pb_section fb_built=&#8221;1&#8243; fullwidth=&#8221;on&#8221; _builder_version=&#8221;4.22.1&#8243; _module_preset=&#8221;default&#8221; background_color=&#8221;#FFFFFF&#8221; global_colors_info=&#8221;{}&#8221; global_module=&#8221;976&#8243; saved_tabs=&#8221;all&#8221;][et_pb_fullwidth_menu menu_id=&#8221;61&#8243; fullwidth_menu=&#8221;on&#8221; active_link_color=&#8221;#000000&#8243; menu_icon_color=&#8221;#263142&#8243; _builder_version=&#8221;4.22.1&#8243; _module_preset=&#8221;default&#8221; menu_font=&#8221;Darker Grotesque|900|||||||&#8221; menu_font_size=&#8221;18px&#8221; text_orientation=&#8221;right&#8221; module_alignment=&#8221;right&#8221; custom_margin=&#8221;|45px|||false|false&#8221; custom_margin_tablet=&#8221;&#8221; custom_margin_phone=&#8221;|0px|||false|false&#8221; custom_margin_last_edited=&#8221;on|phone&#8221; hover_enabled=&#8221;0&#8243; global_colors_info=&#8221;{}&#8221; sticky_enabled=&#8221;0&#8243;][\/et_pb_fullwidth_menu][\/et_pb_section][et_pb_section fb_built=&#8221;1&#8243; admin_label=&#8221;Header&#8221; _builder_version=&#8221;4.22.1&#8243; use_background_color_gradient=&#8221;on&#8221; background_color_gradient_stops=&#8221;rgba(0,19,46,0.6) 0%|rgba(0,19,46,0.6) 100%&#8221; background_color_gradient_overlays_image=&#8221;on&#8221; background_color_gradient_start=&#8221;rgba(0,19,46,0.6)&#8221; background_color_gradient_end=&#8221;rgba(0,19,46,0.6)&#8221; background_image=&#8221;https:\/\/www.abonyhorgasz.hu\/ujoldal\/wp-content\/uploads\/header.jpg&#8221; min_height=&#8221;600px&#8221; min_height_tablet=&#8221;600px&#8221; min_height_phone=&#8221;600px&#8221; min_height_last_edited=&#8221;on|phone&#8221; custom_padding=&#8221;8vw||8vw||true|false&#8221; locked=&#8221;off&#8221; global_colors_info=&#8221;{}&#8221;][et_pb_row _builder_version=&#8221;4.16&#8243; global_colors_info=&#8221;{}&#8221;][et_pb_column type=&#8221;4_4&#8243; _builder_version=&#8221;4.16&#8243; global_colors_info=&#8221;{}&#8221;][et_pb_text _builder_version=&#8221;4.22.1&#8243; header_font=&#8221;Darker Grotesque|900|||||||&#8221; header_font_size=&#8221;120px&#8221; header_line_height=&#8221;0.75em&#8221; text_orientation=&#8221;center&#8221; background_layout=&#8221;dark&#8221; custom_margin=&#8221;||||false|false&#8221; header_font_size_tablet=&#8221;10vw&#8221; header_font_size_phone=&#8221;65px&#8221; header_font_size_last_edited=&#8221;on|phone&#8221; header_line_height_tablet=&#8221;&#8221; header_line_height_phone=&#8221;1em&#8221; header_line_height_last_edited=&#8221;on|desktop&#8221; locked=&#8221;off&#8221; global_colors_info=&#8221;{}&#8221;]<\/p>\n<h1>Abonyi Horg\u00e1sz Egyes\u00fclet<\/h1>\n<p>[\/et_pb_text][\/et_pb_column][\/et_pb_row][\/et_pb_section][et_pb_section fb_built=&#8221;1&#8243; admin_label=&#8221;About&#8221; _builder_version=&#8221;4.22.1&#8243; background_image=&#8221;https:\/\/www.abonyhorgasz.hu\/ujoldal\/wp-content\/uploads\/financial-advisor-18.png&#8221; background_size=&#8221;initial&#8221; background_position=&#8221;top_center&#8221; background_last_edited=&#8221;on|phone&#8221; global_colors_info=&#8221;{}&#8221;][et_pb_row custom_padding_last_edited=&#8221;on|phone&#8221; _builder_version=&#8221;4.22.1&#8243; custom_margin_tablet=&#8221;&#8221; custom_margin_phone=&#8221;0px||||false|false&#8221; custom_margin_last_edited=&#8221;on|phone&#8221; custom_padding_tablet=&#8221;&#8221; custom_padding_phone=&#8221;0px||||false|false&#8221; global_colors_info=&#8221;{}&#8221;][et_pb_column type=&#8221;4_4&#8243; _builder_version=&#8221;4.16&#8243; global_colors_info=&#8221;{}&#8221;][et_pb_text _builder_version=&#8221;4.22.1&#8243; header_2_font=&#8221;Darker Grotesque|900|||||||&#8221; header_2_font_size=&#8221;60px&#8221; max_width=&#8221;700px&#8221; header_2_font_size_tablet=&#8221;42px&#8221; header_2_font_size_phone=&#8221;30px&#8221; header_2_font_size_last_edited=&#8221;on|phone&#8221; global_colors_info=&#8221;{}&#8221;]<\/p>\n<h2>Tisztelt L\u00e1togat\u00f3!<\/h2>\n<p>[\/et_pb_text][\/et_pb_column][\/et_pb_row][et_pb_row column_structure=&#8221;1_2,1_2&#8243; custom_padding_last_edited=&#8221;on|desktop&#8221; _builder_version=&#8221;4.16&#8243; custom_padding=&#8221;0px|220px|||false|false&#8221; custom_padding_tablet=&#8221;|0px|||false|false&#8221; custom_padding_phone=&#8221;&#8221; global_colors_info=&#8221;{}&#8221;][et_pb_column type=&#8221;1_2&#8243; _builder_version=&#8221;4.16&#8243; global_colors_info=&#8221;{}&#8221;][et_pb_text _builder_version=&#8221;4.22.1&#8243; text_font=&#8221;Darker Grotesque|600|||||||&#8221; text_font_size=&#8221;18px&#8221; text_line_height=&#8221;1.4em&#8221; global_colors_info=&#8221;{}&#8221;]<\/p>\n<p>Saj\u00e1t tagjainkon k\u00edv\u00fcl fogadunk napijegyes horg\u00e1szokat is, valamint megbesz\u00e9l\u00e9s szerint biztos\u00edtunk horg\u00e1szversenyekhez lehet\u0151s\u00e9get.<\/p>\n<p>Napijegy v\u00e1lthat\u00f3: az abonyi Vas\u00fat\u00e1llom\u00e1ssal szemben a H\u00c1RY Doh\u00e1nyboltban.<\/p>\n<p>2016. janu\u00e1r 01-t\u0151l nincs lehet\u0151s\u00e9g \u00e9jszakai horg\u00e1szatra napijegyes horg\u00e1szoknak, kiv\u00e9ve a \u201ebojlis\u201d napijegyet v\u00e1lt\u00f3kat.<\/p>\n<p>[\/et_pb_text][\/et_pb_column][et_pb_column type=&#8221;1_2&#8243; _builder_version=&#8221;4.16&#8243; global_colors_info=&#8221;{}&#8221;][et_pb_text _builder_version=&#8221;4.22.1&#8243; text_font=&#8221;Darker Grotesque|600|||||||&#8221; text_font_size=&#8221;18px&#8221; text_line_height=&#8221;1.4em&#8221; global_colors_info=&#8221;{}&#8221;]<\/p>\n<p>Horg\u00e1szattal kapcsolatos tudnival\u00f3kr\u00f3l a Horg\u00e1szrend men\u00fcpontban \u00e9s az egyes\u00fcleti horg\u00e1sztanya hirdet\u0151 t\u00e1bl\u00e1in lev\u0151 horg\u00e1szrendb\u0151l lehet t\u00e1j\u00e9koz\u00f3dni.<\/p>\n<p>G\u00e9pkocsival csak az utak mellet szabad meg\u00e1llni, a partra le\u00e1llni TILOS! Szemetet mindenkinek mag\u00e1val kell vinni.<\/p>\n<p>Napijegyes horg\u00e1sz g\u00e9pj\u00e1rm\u0171v\u00e9t k\u00f6teles a horg\u00e1sztany\u00e1n\u00e1l tal\u00e1lhat\u00f3 parkol\u00f3ban hagyni.<\/p>\n<p>Mindenkit szeretettel v\u00e1runk, sikeres horg\u00e1szatot \u00e9s j\u00f3 sz\u00f3rakoz\u00e1st k\u00edv\u00e1nunk!<\/p>\n<p>[\/et_pb_text][\/et_pb_column][\/et_pb_row][\/et_pb_section][et_pb_section fb_built=&#8221;1&#8243; custom_padding_last_edited=&#8221;off|desktop&#8221; admin_label=&#8221;Services&#8221; _builder_version=&#8221;4.22.1&#8243; background_enable_image=&#8221;off&#8221; background_size=&#8221;initial&#8221; custom_margin=&#8221;0px||0px||false|false&#8221; custom_padding=&#8221;0px||||false|false&#8221; custom_padding_tablet=&#8221;0px||||false|false&#8221; global_colors_info=&#8221;{}&#8221;][et_pb_row _builder_version=&#8221;4.16&#8243; global_colors_info=&#8221;{}&#8221;][et_pb_column type=&#8221;4_4&#8243; _builder_version=&#8221;4.16&#8243; global_colors_info=&#8221;{}&#8221;][et_pb_button button_url=&#8221;https:\/\/webosoft.hu\/horgasz_kapcsolat\/&#8221; button_text=&#8221;El\u00e9rhet\u0151s\u00e9geink&#8221; button_alignment=&#8221;center&#8221; _builder_version=&#8221;4.22.1&#8243; custom_button=&#8221;on&#8221; button_text_color=&#8221;#ffffff&#8221; button_bg_color=&#8221;#283444&#8243; button_border_color=&#8221;rgba(0,0,0,0)&#8221; button_border_radius=&#8221;0px&#8221; button_letter_spacing=&#8221;2px&#8221; button_font=&#8221;Darker Grotesque|900||on|||||&#8221; button_use_icon=&#8221;off&#8221; custom_margin=&#8221;||||false|false&#8221; custom_padding=&#8221;15px|40px|15px|40px|true|true&#8221; button_text_size_tablet=&#8221;20px&#8221; button_text_size_phone=&#8221;16px&#8221; button_text_size_last_edited=&#8221;on|phone&#8221; locked=&#8221;off&#8221; global_colors_info=&#8221;{}&#8221;][\/et_pb_button][\/et_pb_column][\/et_pb_row][\/et_pb_section][et_pb_section fb_built=&#8221;1&#8243; admin_label=&#8221;Footer&#8221; _builder_version=&#8221;4.22.1&#8243; background_enable_color=&#8221;off&#8221; use_background_color_gradient=&#8221;on&#8221; background_color_gradient_stops=&#8221;rgba(249,243,232,0.85) 0%|rgba(249,243,232,0.9) 100%&#8221; background_color_gradient_overlays_image=&#8221;on&#8221; background_color_gradient_start=&#8221;rgba(249,243,232,0.85)&#8221; background_color_gradient_end=&#8221;rgba(249,243,232,0.9)&#8221; background_image=&#8221;https:\/\/www.abonyhorgasz.hu\/ujoldal\/wp-content\/uploads\/abony_horgasz.jpg&#8221; custom_margin=&#8221;||0px||false|false&#8221; custom_padding=&#8221;||15px||false|false&#8221; saved_tabs=&#8221;all&#8221; locked=&#8221;off&#8221; global_colors_info=&#8221;{}&#8221; global_module=&#8221;977&#8243;][et_pb_row column_structure=&#8221;1_4,1_4,1_2&#8243; _builder_version=&#8221;4.27.0&#8243; hover_enabled=&#8221;0&#8243; locked=&#8221;off&#8221; global_colors_info=&#8221;{}&#8221; sticky_enabled=&#8221;0&#8243;][et_pb_column type=&#8221;1_4&#8243; _builder_version=&#8221;4.16&#8243; global_colors_info=&#8221;{}&#8221;][et_pb_text _builder_version=&#8221;4.27.0&#8243; text_font=&#8221;Darker Grotesque|600|||||||&#8221; text_font_size=&#8221;18px&#8221; text_line_height=&#8221;1.4em&#8221; link_font=&#8221;Darker Grotesque|600|||||||&#8221; link_text_color=&#8221;#666666&#8243; link_font_size=&#8221;18px&#8221; link_line_height=&#8221;1.4em&#8221; header_4_font=&#8221;Darker Grotesque|900|||||||&#8221; header_4_font_size=&#8221;22px&#8221; header_4_line_height=&#8221;1.4em&#8221; hover_enabled=&#8221;0&#8243; global_colors_info=&#8221;{}&#8221; sticky_enabled=&#8221;0&#8243;]<\/p>\n<h4>Az Abonyi HE el\u00e9rhet\u0151s\u00e9gei:<\/h4>\n<h4>\u00dcgyf\u00e9lfogad\u00e1s:<\/h4>\n<p>C\u00edm: <a href=\"https:\/\/maps.app.goo.gl\/XWAo23cmmT6KXNTJ9\">2740 Abony, K\u00e9cskei \u00fat 27.<\/a><br \/>Id\u0151pont: vas\u00e1rnaponk\u00e9nt <br \/>\u00a0 \u00a0 \u00a0 \u00a0 \u00a0 \u00a0 \u00a0 \u00a0 9-11 \u00f3ra<\/p>\n<p>[\/et_pb_text][et_pb_text _builder_version=&#8221;4.22.1&#8243; text_font=&#8221;Darker Grotesque|600|||||||&#8221; text_font_size=&#8221;18px&#8221; text_line_height=&#8221;1.4em&#8221; link_text_color=&#8221;#666666&#8243; header_4_font=&#8221;Darker Grotesque|900|||||||&#8221; header_4_font_size=&#8221;22px&#8221; header_4_line_height=&#8221;1.4em&#8221; global_colors_info=&#8221;{}&#8221;]<\/p>\n<h4>E-mail:<\/h4>\n<p><a href=\"mailto:abonyihe@gmail.com\u00a0\">abonyihe[kukac]gmail.com\u00a0<\/a><\/p>\n<p>[\/et_pb_text][\/et_pb_column][et_pb_column type=&#8221;1_4&#8243; _builder_version=&#8221;4.16&#8243; global_colors_info=&#8221;{}&#8221;][et_pb_text _builder_version=&#8221;4.22.1&#8243; text_font=&#8221;Darker Grotesque|600|||||||&#8221; text_font_size=&#8221;18px&#8221; text_line_height=&#8221;1.4em&#8221; header_4_font=&#8221;Darker Grotesque|900|||||||&#8221; header_4_font_size=&#8221;22px&#8221; header_4_line_height=&#8221;1.4em&#8221; global_colors_info=&#8221;{}&#8221;]<\/p>\n<h4><strong>Banksz\u00e1mlasz\u00e1m:<\/strong><\/h4>\n<p>11742142-20001292<\/p>\n<h4><strong>Ad\u00f3sz\u00e1m: <\/strong><\/h4>\n<p>19832395-1-13<\/p>\n<p>[\/et_pb_text][\/et_pb_column][et_pb_column type=&#8221;1_2&#8243; _builder_version=&#8221;4.16&#8243; custom_padding=&#8221;|50px|||false|false&#8221; custom_padding_tablet=&#8221;|0px|||false|false&#8221; custom_padding_phone=&#8221;&#8221; custom_padding_last_edited=&#8221;on|tablet&#8221; global_colors_info=&#8221;{}&#8221;][et_pb_text _builder_version=&#8221;4.22.1&#8243; text_font=&#8221;Darker Grotesque|600|||||||&#8221; text_font_size=&#8221;18px&#8221; text_line_height=&#8221;1.4em&#8221; link_font=&#8221;Darker Grotesque||||||||&#8221; link_text_color=&#8221;#666666&#8243; header_4_font=&#8221;Darker Grotesque|900|||||||&#8221; header_4_font_size=&#8221;22px&#8221; header_4_line_height=&#8221;1.4em&#8221; global_colors_info=&#8221;{}&#8221;]<\/p>\n<h4>Telefonsz\u00e1mok:<\/h4>\n<p><span>Barna J\u00f3zsef (eln\u00f6k): <a href=\"tel:06205321076\">06\/20 532 1076<\/a><br \/>Hamar Attila (aleln\u00f6k, hal\u0151r felel\u0151s): <a href=\"tel:06709486398\">06\/70 948 6398<\/a><br \/>Enyedi Ferenc (aleln\u00f6k, ifj\u00fas\u00e1gi felel\u0151s): <a href=\"tel:06306490691\">06\/30 649 0691<\/a><br \/>Antal P\u00e9ter (titk\u00e1r): <a href=\"tel:06203112742\">06\/20 311 2742<\/a><br \/>Varga B\u00e1lint (t\u00f3gazda): <a href=\"tel:06305992546\">06\/30 599 2546<\/a><br \/>Feh\u00e9r Andr\u00e1s (p\u00e9nzt\u00e1ros): <a href=\"tel:06302276750\">06\/30 227 6750<\/a><br \/>Bajtek Tibor (versenyfelel\u0151s): <a href=\"tel:06204068047\">06\/20 406 8047<\/a><br \/>Kov\u00e1cs Tam\u00e1s (k\u00f6rnyezetv\u00e9delmi felel\u0151s): <a href=\"tel:06302636083\">06\/30 263 6083<\/a><br \/>Habony G\u00e1bor (partszakasz felel\u0151s): <a href=\"tel:06306052126\">06\/30 605 2126<\/a><br \/>Abopol diszp\u00e9cser: <a href=\"tel:06204756599\">06\/20 475 6599<\/a><br \/>Abonyi rend\u0151rs\u00e9g: <a href=\"tel:06302773185\">06\/30 277 3185<\/a><br \/>Seg\u00e9lyh\u00edv\u00f3: <a href=\"tel:112\">112<\/a><\/span><\/p>\n<p>[\/et_pb_text][\/et_pb_column][\/et_pb_row][et_pb_row _builder_version=&#8221;4.22.1&#8243; custom_margin=&#8221;||0px||false|false&#8221; custom_padding=&#8221;||0px||false|false&#8221; locked=&#8221;off&#8221; global_colors_info=&#8221;{}&#8221;][et_pb_column type=&#8221;4_4&#8243; _builder_version=&#8221;4.16&#8243; global_colors_info=&#8221;{}&#8221;][et_pb_text _builder_version=&#8221;4.22.1&#8243; text_font=&#8221;Darker Grotesque|600|||||||&#8221; text_font_size=&#8221;18px&#8221; text_line_height=&#8221;1.4em&#8221; header_4_font=&#8221;Darker Grotesque|900|||||||&#8221; header_4_font_size=&#8221;22px&#8221; header_4_line_height=&#8221;1.4em&#8221; text_font_size_tablet=&#8221;&#8221; text_font_size_phone=&#8221;14px&#8221; text_font_size_last_edited=&#8221;on|phone&#8221; global_colors_info=&#8221;{}&#8221;]<\/p>\n<p style=\"text-align: center;\"><span>\u00a9 Abonyi Horg\u00e1sz Egyes\u00fclet | Minden jog fenntartva.<\/span><\/p>\n<p>[\/et_pb_text][\/et_pb_column][\/et_pb_row][\/et_pb_section]<\/p>\n","protected":false},"excerpt":{"rendered":"<p>Abonyi Horg\u00e1sz Egyes\u00fcletTisztelt L\u00e1togat\u00f3!Saj\u00e1t tagjainkon k\u00edv\u00fcl fogadunk napijegyes horg\u00e1szokat is, valamint megbesz\u00e9l\u00e9s szerint biztos\u00edtunk horg\u00e1szversenyekhez lehet\u0151s\u00e9get. Napijegy v\u00e1lthat\u00f3: az abonyi Vas\u00fat\u00e1llom\u00e1ssal szemben a H\u00c1RY Doh\u00e1nyboltban. 2016. janu\u00e1r 01-t\u0151l nincs lehet\u0151s\u00e9g \u00e9jszakai horg\u00e1szatra napijegyes horg\u00e1szoknak, kiv\u00e9ve a \u201ebojlis\u201d napijegyet v\u00e1lt\u00f3kat.Horg\u00e1szattal kapcsolatos tudnival\u00f3kr\u00f3l a Horg\u00e1szrend men\u00fcpontban \u00e9s az egyes\u00fcleti horg\u00e1sztanya hirdet\u0151 t\u00e1bl\u00e1in lev\u0151 horg\u00e1szrendb\u0151l lehet t\u00e1j\u00e9koz\u00f3dni. G\u00e9pkocsival [&hellip;]<\/p>\n","protected":false},"author":1,"featured_media":0,"parent":0,"menu_order":0,"comment_status":"closed","ping_status":"closed","template":"page-template-blank.php","meta":{"_et_pb_use_builder":"on","_et_pb_old_content":"","_et_gb_content_width":"","footnotes":""},"class_list":["post-9","page","type-page","status-publish","hentry"],"_links":{"self":[{"href":"https:\/\/www.abonyhorgasz.hu\/ujoldal\/wp-json\/wp\/v2\/pages\/9","targetHints":{"allow":["GET"]}}],"collection":[{"href":"https:\/\/www.abonyhorgasz.hu\/ujoldal\/wp-json\/wp\/v2\/pages"}],"about":[{"href":"https:\/\/www.abonyhorgasz.hu\/ujoldal\/wp-json\/wp\/v2\/types\/page"}],"author":[{"embeddable":true,"href":"https:\/\/www.abonyhorgasz.hu\/ujoldal\/wp-json\/wp\/v2\/users\/1"}],"replies":[{"embeddable":true,"href":"https:\/\/www.abonyhorgasz.hu\/ujoldal\/wp-json\/wp\/v2\/comments?post=9"}],"version-history":[{"count":5,"href":"https:\/\/www.abonyhorgasz.hu\/ujoldal\/wp-json\/wp\/v2\/pages\/9\/revisions"}],"predecessor-version":[{"id":985,"href":"https:\/\/www.abonyhorgasz.hu\/ujoldal\/wp-json\/wp\/v2\/pages\/9\/revisions\/985"}],"wp:attachment":[{"href":"https:\/\/www.abonyhorgasz.hu\/ujoldal\/wp-json\/wp\/v2\/media?parent=9"}],"curies":[{"name":"wp","href":"https:\/\/api.w.org\/{rel}","templated":true}]}}