{"id":943,"date":"2024-09-10T19:19:19","date_gmt":"2024-09-10T19:19:19","guid":{"rendered":"https:\/\/www.abonyhorgasz.hu\/ujoldal\/?page_id=943"},"modified":"2024-09-13T11:51:50","modified_gmt":"2024-09-13T11:51:50","slug":"eves-horgaszido-naptar","status":"publish","type":"page","link":"https:\/\/www.abonyhorgasz.hu\/ujoldal\/eves-horgaszido-naptar\/","title":{"rendered":"\u00c9ves horg\u00e1szid\u0151 napt\u00e1r"},"content":{"rendered":"<p>[et_pb_section fb_built=&#8221;1&#8243; fullwidth=&#8221;on&#8221; _builder_version=&#8221;4.22.1&#8243; _module_preset=&#8221;default&#8221; background_color=&#8221;#FFFFFF&#8221; global_module=&#8221;976&#8243; global_colors_info=&#8221;{}&#8221;][et_pb_fullwidth_menu menu_id=&#8221;61&#8243; fullwidth_menu=&#8221;on&#8221; active_link_color=&#8221;#000000&#8243; menu_icon_color=&#8221;#263142&#8243; _builder_version=&#8221;4.22.1&#8243; _module_preset=&#8221;default&#8221; menu_font=&#8221;Darker Grotesque|900|||||||&#8221; menu_font_size=&#8221;18px&#8221; text_orientation=&#8221;right&#8221; module_alignment=&#8221;right&#8221; custom_margin=&#8221;|45px|||false|false&#8221; custom_margin_tablet=&#8221;&#8221; custom_margin_phone=&#8221;|0px|||false|false&#8221; custom_margin_last_edited=&#8221;on|phone&#8221; global_colors_info=&#8221;{}&#8221;][\/et_pb_fullwidth_menu][\/et_pb_section][et_pb_section fb_built=&#8221;1&#8243; admin_label=&#8221;Header&#8221; _builder_version=&#8221;4.22.1&#8243; use_background_color_gradient=&#8221;on&#8221; background_color_gradient_stops=&#8221;rgba(0,19,46,0.6) 0%|rgba(0,19,46,0.6) 100%&#8221; background_color_gradient_overlays_image=&#8221;on&#8221; background_color_gradient_start=&#8221;rgba(0,19,46,0.6)&#8221; background_color_gradient_end=&#8221;rgba(0,19,46,0.6)&#8221; background_image=&#8221;https:\/\/www.abonyhorgasz.hu\/ujoldal\/wp-content\/uploads\/footer-1.jpg&#8221; custom_padding=&#8221;||||false|false&#8221; locked=&#8221;off&#8221; global_colors_info=&#8221;{}&#8221;][et_pb_row _builder_version=&#8221;4.16&#8243; global_colors_info=&#8221;{}&#8221;][et_pb_column type=&#8221;4_4&#8243; _builder_version=&#8221;4.16&#8243; global_colors_info=&#8221;{}&#8221;][et_pb_text _builder_version=&#8221;4.27.0&#8243; header_font=&#8221;Darker Grotesque|900|||||||&#8221; header_font_size=&#8221;100px&#8221; background_layout=&#8221;dark&#8221; custom_margin=&#8221;||||false|false&#8221; header_font_size_tablet=&#8221;70px&#8221; header_font_size_phone=&#8221;40px&#8221; header_font_size_last_edited=&#8221;on|phone&#8221; global_colors_info=&#8221;{}&#8221;]<\/p>\n<h1>\u00c9ves horg\u00e1szid\u0151 napt\u00e1r<\/h1>\n<p>[\/et_pb_text][\/et_pb_column][\/et_pb_row][\/et_pb_section][et_pb_section fb_built=&#8221;1&#8243; admin_label=&#8221;About&#8221; _builder_version=&#8221;4.16&#8243; global_colors_info=&#8221;{}&#8221;][et_pb_row _builder_version=&#8221;4.27.0&#8243; _module_preset=&#8221;default&#8221; global_colors_info=&#8221;{}&#8221;][et_pb_column type=&#8221;4_4&#8243; _builder_version=&#8221;4.27.0&#8243; _module_preset=&#8221;default&#8221; global_colors_info=&#8221;{}&#8221;][et_pb_text _builder_version=&#8221;4.27.0&#8243; _module_preset=&#8221;default&#8221; hover_enabled=&#8221;0&#8243; sticky_enabled=&#8221;0&#8243; text_font=&#8221;Darker Grotesque|700|||||||&#8221; text_text_color=&#8221;#000000&#8243; text_font_size=&#8221;18px&#8221; text_line_height=&#8221;1.4em&#8221;]<\/p>\n<table class=\"has-fixed-layout\">\n<tbody>\n<tr>\n<td>Janu\u00e1r 01 \u2013 janu\u00e1r 27-ig<br \/>Janu\u00e1r 28 \u2013 febru\u00e1r 24-ig<br \/>Febru\u00e1r 25 \u2013 m\u00e1rcius 10-ig<br \/>M\u00e1rcius 11 \u2013 m\u00e1rcius 25-ig<br \/>M\u00e1rcius 26 \u2013 \u00e1prilis 07-ig<br \/>\u00c1prilis 08 \u2013 \u00e1prilis 28-ig<br \/>\u00c1prilis 29 \u2013 m\u00e1jus 12-ig<br \/>M\u00e1jus 13 \u2013 m\u00e1jus 26-ig<br \/>M\u00e1jus 27 \u2013 j\u00fanius 25-ig<br \/>J\u00fanius 26 \u2013 j\u00falius 23-ig<br \/>J\u00falius 24 \u2013 augusztus 20-ig<br \/>Augusztus 21 \u2013 szeptember 03-ig<br \/>Szeptember 04 \u2013 szeptember 17-ig<br \/>Szeptember 18 \u2013 okt\u00f3ber 01-ig<br \/>Okt\u00f3ber 02 \u2013 okt\u00f3ber 15-ig<br \/>Okt\u00f3ber 16 \u2013 okt\u00f3ber 28-ig<br \/>Okt\u00f3ber 29 \u2013 november 12-ig<br \/>November 13 \u2013 november 26-ig<br \/>December h\u00f3napban<\/td>\n<td class=\"has-text-align-right\" data-align=\"right\">7:00 \u2013 16:00-ig<br \/>6:30 \u2013 17:00-ig<br \/>6:00 \u2013 18:00-ig<br \/>6:00 \u2013 18:30-ig<br \/>6:00 \u2013 19:30-ig<br \/>5:30 \u2013 20:00-ig<br \/>5:00 \u2013 20:30-ig<br \/>4:30 \u2013 21:00-ig<br \/>4:00 \u2013 21:30-ig<br \/>4:30 \u2013 21:00-ig<br \/>5:00 \u2013 20:30-ig<br \/>5:30 \u2013 20:00-ig<br \/>6:00 \u2013 19:30-ig<br \/>6:00 \u2013 19:00-ig<br \/>6:30 \u2013 18:30-ig<br \/>7:00 \u2013 18:00-ig<br \/>7:00 \u2013 17:00-ig<br \/>7:00 \u2013 16:30-ig<br \/>7:00 \u2013 16:00-ig<\/td>\n<\/tr>\n<\/tbody>\n<\/table>\n<p>[\/et_pb_text][\/et_pb_column][\/et_pb_row][\/et_pb_section][et_pb_section fb_built=&#8221;1&#8243; admin_label=&#8221;Footer&#8221; _builder_version=&#8221;4.22.1&#8243; background_enable_color=&#8221;off&#8221; use_background_color_gradient=&#8221;on&#8221; background_color_gradient_stops=&#8221;rgba(249,243,232,0.85) 0%|rgba(249,243,232,0.9) 100%&#8221; background_color_gradient_overlays_image=&#8221;on&#8221; background_color_gradient_start=&#8221;rgba(249,243,232,0.85)&#8221; background_color_gradient_end=&#8221;rgba(249,243,232,0.9)&#8221; background_image=&#8221;https:\/\/www.abonyhorgasz.hu\/ujoldal\/wp-content\/uploads\/abony_horgasz.jpg&#8221; custom_margin=&#8221;||0px||false|false&#8221; custom_padding=&#8221;||15px||false|false&#8221; global_module=&#8221;977&#8243; saved_tabs=&#8221;all&#8221; locked=&#8221;off&#8221; global_colors_info=&#8221;{}&#8221;][et_pb_row column_structure=&#8221;1_4,1_4,1_2&#8243; _builder_version=&#8221;4.27.0&#8243; locked=&#8221;off&#8221; global_colors_info=&#8221;{}&#8221;][et_pb_column type=&#8221;1_4&#8243; _builder_version=&#8221;4.16&#8243; global_colors_info=&#8221;{}&#8221;][et_pb_text _builder_version=&#8221;4.27.0&#8243; text_font=&#8221;Darker Grotesque|600|||||||&#8221; text_font_size=&#8221;18px&#8221; text_line_height=&#8221;1.4em&#8221; link_font=&#8221;Darker Grotesque|600|||||||&#8221; link_text_color=&#8221;#666666&#8243; link_font_size=&#8221;18px&#8221; link_line_height=&#8221;1.4em&#8221; header_4_font=&#8221;Darker Grotesque|900|||||||&#8221; header_4_font_size=&#8221;22px&#8221; header_4_line_height=&#8221;1.4em&#8221; global_colors_info=&#8221;{}&#8221;]<\/p>\n<h4>Az Abonyi HE el\u00e9rhet\u0151s\u00e9gei:<\/h4>\n<h4>\u00dcgyf\u00e9lfogad\u00e1s:<\/h4>\n<p>C\u00edm: <a href=\"https:\/\/maps.app.goo.gl\/XWAo23cmmT6KXNTJ9\">2740 Abony, K\u00e9cskei \u00fat 27.<\/a><br \/>Id\u0151pont: vas\u00e1rnaponk\u00e9nt <br \/>\u00a0 \u00a0 \u00a0 \u00a0 \u00a0 \u00a0 \u00a0 \u00a0 9-11 \u00f3ra<\/p>\n<p>[\/et_pb_text][et_pb_text _builder_version=&#8221;4.22.1&#8243; text_font=&#8221;Darker Grotesque|600|||||||&#8221; text_font_size=&#8221;18px&#8221; text_line_height=&#8221;1.4em&#8221; link_text_color=&#8221;#666666&#8243; header_4_font=&#8221;Darker Grotesque|900|||||||&#8221; header_4_font_size=&#8221;22px&#8221; header_4_line_height=&#8221;1.4em&#8221; global_colors_info=&#8221;{}&#8221;]<\/p>\n<h4>E-mail:<\/h4>\n<p><a href=\"mailto:abonyihe@gmail.com\u00a0\">abonyihe[kukac]gmail.com\u00a0<\/a><\/p>\n<p>[\/et_pb_text][\/et_pb_column][et_pb_column type=&#8221;1_4&#8243; _builder_version=&#8221;4.16&#8243; global_colors_info=&#8221;{}&#8221;][et_pb_text _builder_version=&#8221;4.22.1&#8243; text_font=&#8221;Darker Grotesque|600|||||||&#8221; text_font_size=&#8221;18px&#8221; text_line_height=&#8221;1.4em&#8221; header_4_font=&#8221;Darker Grotesque|900|||||||&#8221; header_4_font_size=&#8221;22px&#8221; header_4_line_height=&#8221;1.4em&#8221; global_colors_info=&#8221;{}&#8221;]<\/p>\n<h4><strong>Banksz\u00e1mlasz\u00e1m:<\/strong><\/h4>\n<p>11742142-20001292<\/p>\n<h4><strong>Ad\u00f3sz\u00e1m: <\/strong><\/h4>\n<p>19832395-1-13<\/p>\n<p>[\/et_pb_text][\/et_pb_column][et_pb_column type=&#8221;1_2&#8243; _builder_version=&#8221;4.16&#8243; custom_padding=&#8221;|50px|||false|false&#8221; custom_padding_tablet=&#8221;|0px|||false|false&#8221; custom_padding_phone=&#8221;&#8221; custom_padding_last_edited=&#8221;on|tablet&#8221; global_colors_info=&#8221;{}&#8221;][et_pb_text _builder_version=&#8221;4.22.1&#8243; text_font=&#8221;Darker Grotesque|600|||||||&#8221; text_font_size=&#8221;18px&#8221; text_line_height=&#8221;1.4em&#8221; link_font=&#8221;Darker Grotesque||||||||&#8221; link_text_color=&#8221;#666666&#8243; header_4_font=&#8221;Darker Grotesque|900|||||||&#8221; header_4_font_size=&#8221;22px&#8221; header_4_line_height=&#8221;1.4em&#8221; global_colors_info=&#8221;{}&#8221;]<\/p>\n<h4>Telefonsz\u00e1mok:<\/h4>\n<p><span>Barna J\u00f3zsef (eln\u00f6k): <a href=\"tel:06205321076\">06\/20 532 1076<\/a><br \/>Hamar Attila (aleln\u00f6k, hal\u0151r felel\u0151s): <a href=\"tel:06709486398\">06\/70 948 6398<\/a><br \/>Enyedi Ferenc (aleln\u00f6k, ifj\u00fas\u00e1gi felel\u0151s): <a href=\"tel:06306490691\">06\/30 649 0691<\/a><br \/>Antal P\u00e9ter (titk\u00e1r): <a href=\"tel:06203112742\">06\/20 311 2742<\/a><br \/>Varga B\u00e1lint (t\u00f3gazda): <a href=\"tel:06305992546\">06\/30 599 2546<\/a><br \/>Feh\u00e9r Andr\u00e1s (p\u00e9nzt\u00e1ros): <a href=\"tel:06302276750\">06\/30 227 6750<\/a><br \/>Bajtek Tibor (versenyfelel\u0151s): <a href=\"tel:06204068047\">06\/20 406 8047<\/a><br \/>Kov\u00e1cs Tam\u00e1s (k\u00f6rnyezetv\u00e9delmi felel\u0151s): <a href=\"tel:06302636083\">06\/30 263 6083<\/a><br \/>Habony G\u00e1bor (partszakasz felel\u0151s): <a href=\"tel:06306052126\">06\/30 605 2126<\/a><br \/>Abopol diszp\u00e9cser: <a href=\"tel:06204756599\">06\/20 475 6599<\/a><br \/>Abonyi rend\u0151rs\u00e9g: <a href=\"tel:06302773185\">06\/30 277 3185<\/a><br \/>Seg\u00e9lyh\u00edv\u00f3: <a href=\"tel:112\">112<\/a><\/span><\/p>\n<p>[\/et_pb_text][\/et_pb_column][\/et_pb_row][et_pb_row _builder_version=&#8221;4.22.1&#8243; custom_margin=&#8221;||0px||false|false&#8221; custom_padding=&#8221;||0px||false|false&#8221; locked=&#8221;off&#8221; global_colors_info=&#8221;{}&#8221;][et_pb_column type=&#8221;4_4&#8243; _builder_version=&#8221;4.16&#8243; global_colors_info=&#8221;{}&#8221;][et_pb_text _builder_version=&#8221;4.22.1&#8243; text_font=&#8221;Darker Grotesque|600|||||||&#8221; text_font_size=&#8221;18px&#8221; text_line_height=&#8221;1.4em&#8221; header_4_font=&#8221;Darker Grotesque|900|||||||&#8221; header_4_font_size=&#8221;22px&#8221; header_4_line_height=&#8221;1.4em&#8221; text_font_size_tablet=&#8221;&#8221; text_font_size_phone=&#8221;14px&#8221; text_font_size_last_edited=&#8221;on|phone&#8221; global_colors_info=&#8221;{}&#8221;]<\/p>\n<p style=\"text-align: center;\"><span>\u00a9 Abonyi Horg\u00e1sz Egyes\u00fclet | Minden jog fenntartva.<\/span><\/p>\n<p>[\/et_pb_text][\/et_pb_column][\/et_pb_row][\/et_pb_section]<\/p>\n","protected":false},"excerpt":{"rendered":"<p>\u00c9ves horg\u00e1szid\u0151 napt\u00e1r Janu\u00e1r 01 \u2013 janu\u00e1r 27-igJanu\u00e1r 28 \u2013 febru\u00e1r 24-igFebru\u00e1r 25 \u2013 m\u00e1rcius 10-igM\u00e1rcius 11 \u2013 m\u00e1rcius 25-igM\u00e1rcius 26 \u2013 \u00e1prilis 07-ig\u00c1prilis 08 \u2013 \u00e1prilis 28-ig\u00c1prilis 29 \u2013 m\u00e1jus 12-igM\u00e1jus 13 \u2013 m\u00e1jus 26-igM\u00e1jus 27 \u2013 j\u00fanius 25-igJ\u00fanius 26 \u2013 j\u00falius 23-igJ\u00falius 24 \u2013 augusztus 20-igAugusztus 21 \u2013 szeptember 03-igSzeptember 04 \u2013 szeptember [&hellip;]<\/p>\n","protected":false},"author":1,"featured_media":0,"parent":0,"menu_order":0,"comment_status":"closed","ping_status":"closed","template":"page-template-blank.php","meta":{"_et_pb_use_builder":"on","_et_pb_old_content":"","_et_gb_content_width":"","footnotes":""},"class_list":["post-943","page","type-page","status-publish","hentry"],"_links":{"self":[{"href":"https:\/\/www.abonyhorgasz.hu\/ujoldal\/wp-json\/wp\/v2\/pages\/943","targetHints":{"allow":["GET"]}}],"collection":[{"href":"https:\/\/www.abonyhorgasz.hu\/ujoldal\/wp-json\/wp\/v2\/pages"}],"about":[{"href":"https:\/\/www.abonyhorgasz.hu\/ujoldal\/wp-json\/wp\/v2\/types\/page"}],"author":[{"embeddable":true,"href":"https:\/\/www.abonyhorgasz.hu\/ujoldal\/wp-json\/wp\/v2\/users\/1"}],"replies":[{"embeddable":true,"href":"https:\/\/www.abonyhorgasz.hu\/ujoldal\/wp-json\/wp\/v2\/comments?post=943"}],"version-history":[{"count":7,"href":"https:\/\/www.abonyhorgasz.hu\/ujoldal\/wp-json\/wp\/v2\/pages\/943\/revisions"}],"predecessor-version":[{"id":1045,"href":"https:\/\/www.abonyhorgasz.hu\/ujoldal\/wp-json\/wp\/v2\/pages\/943\/revisions\/1045"}],"wp:attachment":[{"href":"https:\/\/www.abonyhorgasz.hu\/ujoldal\/wp-json\/wp\/v2\/media?parent=943"}],"curies":[{"name":"wp","href":"https:\/\/api.w.org\/{rel}","templated":true}]}}